{"id":33,"date":"2024-11-12T22:05:17","date_gmt":"2024-11-12T21:05:17","guid":{"rendered":"https:\/\/rldev.dts.dmcit.tech\/lanzarote\/?page_id=33"},"modified":"2025-05-19T11:28:59","modified_gmt":"2025-05-19T10:28:59","slug":"home","status":"publish","type":"page","link":"https:\/\/rldev.dts.dmcit.tech\/lanzarote\/","title":{"rendered":"Home"},"content":{"rendered":"\t\t<div data-elementor-type=\"wp-page\" data-elementor-id=\"33\" class=\"elementor elementor-33\" data-elementor-post-type=\"page\">\n\t\t\t\t<div class=\"has_ae_slider elementor-element elementor-element-d78de20 e-con-full e-flex ae-bg-gallery-type-default e-con e-parent\" data-id=\"d78de20\" data-element_type=\"container\" data-settings=\"{&quot;background_background&quot;:&quot;classic&quot;}\">\n\t\t<div class=\"has_ae_slider elementor-element elementor-element-39e15fb e-con-full e-flex ae-bg-gallery-type-default e-con e-child\" data-id=\"39e15fb\" data-element_type=\"container\" data-settings=\"{&quot;background_background&quot;:&quot;classic&quot;}\">\n\t\t<div class=\"has_ae_slider elementor-element elementor-element-0c1e61c e-flex e-con-boxed ae-bg-gallery-type-default e-con e-child\" data-id=\"0c1e61c\" data-element_type=\"container\">\n\t\t\t\t\t<div class=\"e-con-inner\">\n\t\t<div class=\"has_ae_slider elementor-element elementor-element-88e6cb7 e-con-full e-flex ae-bg-gallery-type-default e-con e-child\" data-id=\"88e6cb7\" data-element_type=\"container\" data-settings=\"{&quot;background_background&quot;:&quot;classic&quot;}\">\n\t\t\t\t<div class=\"elementor-element elementor-element-08000d1 elementor-widget elementor-widget-heading\" data-id=\"08000d1\" data-element_type=\"widget\" data-widget_type=\"heading.default\">\n\t\t\t\t<div class=\"elementor-widget-container\">\n\t\t\t\t\t<h1 class=\"elementor-heading-title elementor-size-default\">Willkommen auf Lanzarote!<\/h1>\t\t\t\t<\/div>\n\t\t\t\t<\/div>\n\t\t\t\t<\/div>\n\t\t\t\t\t<\/div>\n\t\t\t\t<\/div>\n\t\t\t\t<\/div>\n\t\t\t\t<\/div>\n\t\t<div class=\"has_ae_slider elementor-element elementor-element-852d21f e-flex e-con-boxed ae-bg-gallery-type-default e-con e-parent\" data-id=\"852d21f\" data-element_type=\"container\" data-settings=\"{&quot;background_background&quot;:&quot;classic&quot;}\">\n\t\t\t\t\t<div class=\"e-con-inner\">\n\t\t\t\t<div class=\"elementor-element elementor-element-0f8554f elementor-widget__width-initial elementor-widget elementor-widget-text-editor\" data-id=\"0f8554f\" data-element_type=\"widget\" data-widget_type=\"text-editor.default\">\n\t\t\t\t<div class=\"elementor-widget-container\">\n\t\t\t\t\t\t\t\t\t<p>Liebe Reiseg\u00e4ste,<\/p><p>es freut uns sehr, dass Sie da sind, und wir w\u00fcnschen Ihnen einen angenehmen Urlaub.<br \/>Wir bedanken uns f\u00fcr Ihr Vertrauen und m\u00f6chten, dass Ihr Urlaub zu einem unvergesslichen Erlebnis wird, an das Sie gerne zur\u00fcckdenken. Damit Sie gleich vom ersten Tag an Ihre Zeit genie\u00dfen k\u00f6nnen, stellen wir Ihnen hier wertvolle Tipps und Informationen zur Verf\u00fcgung.<\/p>\t\t\t\t\t\t\t\t<\/div>\n\t\t\t\t<\/div>\n\t\t\t\t\t<\/div>\n\t\t\t\t<\/div>\n\t\t<div class=\"has_ae_slider elementor-element elementor-element-37f0c55 e-flex e-con-boxed ae-bg-gallery-type-default e-con e-parent\" data-id=\"37f0c55\" data-element_type=\"container\">\n\t\t\t\t\t<div class=\"e-con-inner\">\n\t\t<div class=\"has_ae_slider elementor-element elementor-element-5878154 e-con-full e-flex ae-bg-gallery-type-default e-con e-child\" data-id=\"5878154\" data-element_type=\"container\" data-settings=\"{&quot;background_background&quot;:&quot;classic&quot;}\">\n\t\t\t\t<div class=\"elementor-element elementor-element-cbcc694 elementor-widget elementor-widget-image\" data-id=\"cbcc694\" data-element_type=\"widget\" data-widget_type=\"image.default\">\n\t\t\t\t<div class=\"elementor-widget-container\">\n\t\t\t\t\t\t\t\t\t\t\t\t\t\t\t<img fetchpriority=\"high\" decoding=\"async\" width=\"952\" height=\"502\" src=\"https:\/\/rldev.dts.dmcit.tech\/lanzarote\/wp-content\/uploads\/sites\/9\/news_952x502.jpg\" class=\"attachment-large size-large wp-image-10017\" alt=\"\" srcset=\"https:\/\/rldev.dts.dmcit.tech\/lanzarote\/wp-content\/uploads\/sites\/9\/news_952x502.jpg 952w, https:\/\/rldev.dts.dmcit.tech\/lanzarote\/wp-content\/uploads\/sites\/9\/news_952x502-300x158.jpg 300w, https:\/\/rldev.dts.dmcit.tech\/lanzarote\/wp-content\/uploads\/sites\/9\/news_952x502-768x405.jpg 768w, https:\/\/rldev.dts.dmcit.tech\/lanzarote\/wp-content\/uploads\/sites\/9\/news_952x502-600x316.jpg 600w\" sizes=\"(max-width: 952px) 100vw, 952px\" \/>\t\t\t\t\t\t\t\t\t\t\t\t\t\t\t<\/div>\n\t\t\t\t<\/div>\n\t\t\t\t<div class=\"elementor-element elementor-element-a764e06 oew-cta-style-basic elementor-widget elementor-widget-oew-call-to-action\" data-id=\"a764e06\" data-element_type=\"widget\" data-widget_type=\"oew-call-to-action.default\">\n\t\t\t\t<div class=\"elementor-widget-container\">\n\t\t\t\t\t\n\t\t<div class=\"oew-cta\">\n\n\t\t\t\n\t\t\t<div class=\"oew-cta-inner\">\n\t\t\t\t\t\t\t\t\t<h2 class=\"oew-cta-title oew-cta-content\">\n\t\t\t\t\t\tWichtige News\t\t\t\t\t<\/h2>\n\t\t\t\t\t\t\t\t\t\t<div class=\"oew-cta-description oew-cta-content\">Aktuelle Meldungen und wichtige Informationen.<br>Wir informieren Sie!<\/div>\n\t\t\t\t\t\t\t\t\t\t<div class=\"oew-cta-btn oew-cta-content\">\n\t\t\t\t\t\t<a class=\"button\" href=\"\/lanzarote\/news-ticker\/\">\n\t\t\t\t\t\t\t<i aria-hidden=\"true\" class=\"\"><\/i>\t\t\t\t\t\t\t<span>Zu den News<\/span>\n\t\t\t\t\t\t\t\t\t\t\t\t\t<\/a>\n\n\t\t\t\t\t\t\t\t\t\t\t<\/div>\n\t\t\t\t\t\t\t\t<\/div>\n\t\t<\/div>\n\n\t\t\t\t\t\t<\/div>\n\t\t\t\t<\/div>\n\t\t\t\t<\/div>\n\t\t<div class=\"has_ae_slider elementor-element elementor-element-d4396f7 e-con-full e-flex ae-bg-gallery-type-default e-con e-child\" data-id=\"d4396f7\" data-element_type=\"container\" data-settings=\"{&quot;background_background&quot;:&quot;classic&quot;}\">\n\t\t\t\t<div class=\"elementor-element elementor-element-7947be1 elementor-widget elementor-widget-image\" data-id=\"7947be1\" data-element_type=\"widget\" data-widget_type=\"image.default\">\n\t\t\t\t<div class=\"elementor-widget-container\">\n\t\t\t\t\t\t\t\t\t\t\t\t\t\t\t<img decoding=\"async\" width=\"952\" height=\"502\" src=\"https:\/\/rldev.dts.dmcit.tech\/lanzarote\/wp-content\/uploads\/sites\/9\/reiseleitung_952x502.jpg\" class=\"attachment-large size-large wp-image-10018\" alt=\"\" srcset=\"https:\/\/rldev.dts.dmcit.tech\/lanzarote\/wp-content\/uploads\/sites\/9\/reiseleitung_952x502.jpg 952w, https:\/\/rldev.dts.dmcit.tech\/lanzarote\/wp-content\/uploads\/sites\/9\/reiseleitung_952x502-300x158.jpg 300w, https:\/\/rldev.dts.dmcit.tech\/lanzarote\/wp-content\/uploads\/sites\/9\/reiseleitung_952x502-768x405.jpg 768w, https:\/\/rldev.dts.dmcit.tech\/lanzarote\/wp-content\/uploads\/sites\/9\/reiseleitung_952x502-600x316.jpg 600w\" sizes=\"(max-width: 952px) 100vw, 952px\" \/>\t\t\t\t\t\t\t\t\t\t\t\t\t\t\t<\/div>\n\t\t\t\t<\/div>\n\t\t\t\t<div class=\"elementor-element elementor-element-73ffd9b oew-cta-style-basic elementor-widget elementor-widget-oew-call-to-action\" data-id=\"73ffd9b\" data-element_type=\"widget\" data-widget_type=\"oew-call-to-action.default\">\n\t\t\t\t<div class=\"elementor-widget-container\">\n\t\t\t\t\t\n\t\t<div class=\"oew-cta\">\n\n\t\t\t\n\t\t\t<div class=\"oew-cta-inner\">\n\t\t\t\t\t\t\t\t\t<h2 class=\"oew-cta-title oew-cta-content\">\n\t\t\t\t\t\tReiseleitung\t\t\t\t\t<\/h2>\n\t\t\t\t\t\t\t\t\t\t<div class=\"oew-cta-description oew-cta-content\">Professionelle, erfahrene und motivierte Betreuung.<br>Wir sind f\u00fcr Sie da!<\/div>\n\t\t\t\t\t\t\t\t\t\t<div class=\"oew-cta-btn oew-cta-content\">\n\t\t\t\t\t\t<a class=\"button\" href=\"\/lanzarote\/hotels\/\">\n\t\t\t\t\t\t\t<i aria-hidden=\"true\" class=\"\"><\/i>\t\t\t\t\t\t\t<span>Zur Reiseleitung<\/span>\n\t\t\t\t\t\t\t\t\t\t\t\t\t<\/a>\n\n\t\t\t\t\t\t\t\t\t\t\t<\/div>\n\t\t\t\t\t\t\t\t<\/div>\n\t\t<\/div>\n\n\t\t\t\t\t\t<\/div>\n\t\t\t\t<\/div>\n\t\t\t\t<\/div>\n\t\t<div class=\"has_ae_slider elementor-element elementor-element-ada3b54 e-con-full e-flex ae-bg-gallery-type-default e-con e-child\" data-id=\"ada3b54\" data-element_type=\"container\" data-settings=\"{&quot;background_background&quot;:&quot;classic&quot;}\">\n\t\t\t\t<div class=\"elementor-element elementor-element-5575811 elementor-widget elementor-widget-image\" data-id=\"5575811\" data-element_type=\"widget\" data-widget_type=\"image.default\">\n\t\t\t\t<div class=\"elementor-widget-container\">\n\t\t\t\t\t\t\t\t\t\t\t\t\t\t\t<img decoding=\"async\" width=\"952\" height=\"502\" src=\"https:\/\/rldev.dts.dmcit.tech\/lanzarote\/wp-content\/uploads\/sites\/9\/an-abreise_952x502.jpg\" class=\"attachment-large size-large wp-image-10019\" alt=\"\" srcset=\"https:\/\/rldev.dts.dmcit.tech\/lanzarote\/wp-content\/uploads\/sites\/9\/an-abreise_952x502.jpg 952w, https:\/\/rldev.dts.dmcit.tech\/lanzarote\/wp-content\/uploads\/sites\/9\/an-abreise_952x502-300x158.jpg 300w, https:\/\/rldev.dts.dmcit.tech\/lanzarote\/wp-content\/uploads\/sites\/9\/an-abreise_952x502-768x405.jpg 768w, https:\/\/rldev.dts.dmcit.tech\/lanzarote\/wp-content\/uploads\/sites\/9\/an-abreise_952x502-600x316.jpg 600w\" sizes=\"(max-width: 952px) 100vw, 952px\" \/>\t\t\t\t\t\t\t\t\t\t\t\t\t\t\t<\/div>\n\t\t\t\t<\/div>\n\t\t\t\t<div class=\"elementor-element elementor-element-9ae6e4c oew-cta-style-basic elementor-widget elementor-widget-oew-call-to-action\" data-id=\"9ae6e4c\" data-element_type=\"widget\" data-widget_type=\"oew-call-to-action.default\">\n\t\t\t\t<div class=\"elementor-widget-container\">\n\t\t\t\t\t\n\t\t<div class=\"oew-cta\">\n\n\t\t\t\n\t\t\t<div class=\"oew-cta-inner\">\n\t\t\t\t\t\t\t\t\t<h2 class=\"oew-cta-title oew-cta-content\">\n\t\t\t\t\t\tAn- und Abreise\t\t\t\t\t<\/h2>\n\t\t\t\t\t\t\t\t\t\t<div class=\"oew-cta-description oew-cta-content\">Informationen zum Flughafen, den Transfers und Abfrage der <strong>Abholzeit<\/strong> <br>(1-2 Tage vor Abreise)<\/div>\n\t\t\t\t\t\t\t\t\t\t<div class=\"oew-cta-btn oew-cta-content\">\n\t\t\t\t\t\t<a class=\"button\" href=\"\/lanzarote\/an-und-abreise\/\">\n\t\t\t\t\t\t\t<i aria-hidden=\"true\" class=\"\"><\/i>\t\t\t\t\t\t\t<span>Zur An- und Abreise<\/span>\n\t\t\t\t\t\t\t\t\t\t\t\t\t<\/a>\n\n\t\t\t\t\t\t\t\t\t\t\t<\/div>\n\t\t\t\t\t\t\t\t<\/div>\n\t\t<\/div>\n\n\t\t\t\t\t\t<\/div>\n\t\t\t\t<\/div>\n\t\t\t\t<\/div>\n\t\t<div class=\"has_ae_slider elementor-element elementor-element-3d36ffe e-con-full e-flex ae-bg-gallery-type-default e-con e-child\" data-id=\"3d36ffe\" data-element_type=\"container\" data-settings=\"{&quot;background_background&quot;:&quot;classic&quot;}\">\n\t\t\t\t<div class=\"elementor-element elementor-element-6fd4779 elementor-widget elementor-widget-image\" data-id=\"6fd4779\" data-element_type=\"widget\" data-widget_type=\"image.default\">\n\t\t\t\t<div class=\"elementor-widget-container\">\n\t\t\t\t\t\t\t\t\t\t\t\t\t\t\t<img loading=\"lazy\" decoding=\"async\" width=\"952\" height=\"502\" src=\"https:\/\/rldev.dts.dmcit.tech\/lanzarote\/wp-content\/uploads\/sites\/9\/aktivitaeten_952x502.jpg\" class=\"attachment-large size-large wp-image-10020\" alt=\"\" srcset=\"https:\/\/rldev.dts.dmcit.tech\/lanzarote\/wp-content\/uploads\/sites\/9\/aktivitaeten_952x502.jpg 952w, https:\/\/rldev.dts.dmcit.tech\/lanzarote\/wp-content\/uploads\/sites\/9\/aktivitaeten_952x502-300x158.jpg 300w, https:\/\/rldev.dts.dmcit.tech\/lanzarote\/wp-content\/uploads\/sites\/9\/aktivitaeten_952x502-768x405.jpg 768w, https:\/\/rldev.dts.dmcit.tech\/lanzarote\/wp-content\/uploads\/sites\/9\/aktivitaeten_952x502-600x316.jpg 600w\" sizes=\"(max-width: 952px) 100vw, 952px\" \/>\t\t\t\t\t\t\t\t\t\t\t\t\t\t\t<\/div>\n\t\t\t\t<\/div>\n\t\t\t\t<div class=\"elementor-element elementor-element-1fd6ea9 oew-cta-style-basic elementor-widget elementor-widget-oew-call-to-action\" data-id=\"1fd6ea9\" data-element_type=\"widget\" data-widget_type=\"oew-call-to-action.default\">\n\t\t\t\t<div class=\"elementor-widget-container\">\n\t\t\t\t\t\n\t\t<div class=\"oew-cta\">\n\n\t\t\t\n\t\t\t<div class=\"oew-cta-inner\">\n\t\t\t\t\t\t\t\t\t<h2 class=\"oew-cta-title oew-cta-content\">\n\t\t\t\t\t\tAktivit\u00e4ten \/ Ausfl\u00fcge\t\t\t\t\t<\/h2>\n\t\t\t\t\t\t\t\t\t\t<div class=\"oew-cta-description oew-cta-content\">Entdecken Sie Ihre Urlaubsregion auf unseren erlebnisreichen Ausfl\u00fcgen oder bei interessanten Aktivit\u00e4ten!<\/div>\n\t\t\t\t\t\t\t\t\t\t<div class=\"oew-cta-btn oew-cta-content\">\n\t\t\t\t\t\t<a class=\"button\" href=\"\/lanzarote\/aktivitaeten\/\">\n\t\t\t\t\t\t\t<i aria-hidden=\"true\" class=\"\"><\/i>\t\t\t\t\t\t\t<span>Zu den Aktivit\u00e4ten<\/span>\n\t\t\t\t\t\t\t\t\t\t\t\t\t<\/a>\n\n\t\t\t\t\t\t\t\t\t\t\t<\/div>\n\t\t\t\t\t\t\t\t<\/div>\n\t\t<\/div>\n\n\t\t\t\t\t\t<\/div>\n\t\t\t\t<\/div>\n\t\t\t\t<\/div>\n\t\t<div class=\"has_ae_slider elementor-element elementor-element-aedf8fb e-con-full e-flex ae-bg-gallery-type-default e-con e-child\" data-id=\"aedf8fb\" data-element_type=\"container\" data-settings=\"{&quot;background_background&quot;:&quot;classic&quot;}\">\n\t\t\t\t<div class=\"elementor-element elementor-element-0baa4f7 elementor-widget elementor-widget-image\" data-id=\"0baa4f7\" data-element_type=\"widget\" data-widget_type=\"image.default\">\n\t\t\t\t<div class=\"elementor-widget-container\">\n\t\t\t\t\t\t\t\t\t\t\t\t\t\t\t<img loading=\"lazy\" decoding=\"async\" width=\"952\" height=\"502\" src=\"https:\/\/rldev.dts.dmcit.tech\/lanzarote\/wp-content\/uploads\/sites\/9\/mietwagen_952x502.jpg\" class=\"attachment-large size-large wp-image-10021\" alt=\"\" srcset=\"https:\/\/rldev.dts.dmcit.tech\/lanzarote\/wp-content\/uploads\/sites\/9\/mietwagen_952x502.jpg 952w, https:\/\/rldev.dts.dmcit.tech\/lanzarote\/wp-content\/uploads\/sites\/9\/mietwagen_952x502-300x158.jpg 300w, https:\/\/rldev.dts.dmcit.tech\/lanzarote\/wp-content\/uploads\/sites\/9\/mietwagen_952x502-768x405.jpg 768w, https:\/\/rldev.dts.dmcit.tech\/lanzarote\/wp-content\/uploads\/sites\/9\/mietwagen_952x502-600x316.jpg 600w\" sizes=\"(max-width: 952px) 100vw, 952px\" \/>\t\t\t\t\t\t\t\t\t\t\t\t\t\t\t<\/div>\n\t\t\t\t<\/div>\n\t\t\t\t<div class=\"elementor-element elementor-element-57cd5fe oew-cta-style-basic elementor-widget elementor-widget-oew-call-to-action\" data-id=\"57cd5fe\" data-element_type=\"widget\" data-widget_type=\"oew-call-to-action.default\">\n\t\t\t\t<div class=\"elementor-widget-container\">\n\t\t\t\t\t\n\t\t<div class=\"oew-cta\">\n\n\t\t\t\n\t\t\t<div class=\"oew-cta-inner\">\n\t\t\t\t\t\t\t\t\t<h2 class=\"oew-cta-title oew-cta-content\">\n\t\t\t\t\t\tMietwagen\t\t\t\t\t<\/h2>\n\t\t\t\t\t\t\t\t\t\t<div class=\"oew-cta-description oew-cta-content\">Entdecken Sie Ihre Urlaubsregion sicher und auf eigene Faust mit dem Mietwagen!<\/div>\n\t\t\t\t\t\t\t\t\t\t<div class=\"oew-cta-btn oew-cta-content\">\n\t\t\t\t\t\t<a class=\"button\" href=\"\/lanzarote\/aktivitaeten-rentals\/rentals\/mietwagen\/\">\n\t\t\t\t\t\t\t<i aria-hidden=\"true\" class=\"\"><\/i>\t\t\t\t\t\t\t<span>Zu den Mietwagen<\/span>\n\t\t\t\t\t\t\t\t\t\t\t\t\t<\/a>\n\n\t\t\t\t\t\t\t\t\t\t\t<\/div>\n\t\t\t\t\t\t\t\t<\/div>\n\t\t<\/div>\n\n\t\t\t\t\t\t<\/div>\n\t\t\t\t<\/div>\n\t\t\t\t<\/div>\n\t\t<div class=\"has_ae_slider elementor-element elementor-element-867a07b e-con-full e-flex ae-bg-gallery-type-default e-con e-child\" data-id=\"867a07b\" data-element_type=\"container\" data-settings=\"{&quot;background_background&quot;:&quot;classic&quot;}\">\n\t\t\t\t<div class=\"elementor-element elementor-element-dd126e1 elementor-widget elementor-widget-image\" data-id=\"dd126e1\" data-element_type=\"widget\" data-widget_type=\"image.default\">\n\t\t\t\t<div class=\"elementor-widget-container\">\n\t\t\t\t\t\t\t\t\t\t\t\t\t\t\t<img loading=\"lazy\" decoding=\"async\" width=\"952\" height=\"502\" src=\"https:\/\/rldev.dts.dmcit.tech\/lanzarote\/wp-content\/uploads\/sites\/9\/infos_952x502.jpg\" class=\"attachment-large size-large wp-image-10022\" alt=\"\" srcset=\"https:\/\/rldev.dts.dmcit.tech\/lanzarote\/wp-content\/uploads\/sites\/9\/infos_952x502.jpg 952w, https:\/\/rldev.dts.dmcit.tech\/lanzarote\/wp-content\/uploads\/sites\/9\/infos_952x502-300x158.jpg 300w, https:\/\/rldev.dts.dmcit.tech\/lanzarote\/wp-content\/uploads\/sites\/9\/infos_952x502-768x405.jpg 768w, https:\/\/rldev.dts.dmcit.tech\/lanzarote\/wp-content\/uploads\/sites\/9\/infos_952x502-600x316.jpg 600w\" sizes=\"(max-width: 952px) 100vw, 952px\" \/>\t\t\t\t\t\t\t\t\t\t\t\t\t\t\t<\/div>\n\t\t\t\t<\/div>\n\t\t\t\t<div class=\"elementor-element elementor-element-b70ce5d oew-cta-style-basic elementor-widget elementor-widget-oew-call-to-action\" data-id=\"b70ce5d\" data-element_type=\"widget\" data-widget_type=\"oew-call-to-action.default\">\n\t\t\t\t<div class=\"elementor-widget-container\">\n\t\t\t\t\t\n\t\t<div class=\"oew-cta\">\n\n\t\t\t\n\t\t\t<div class=\"oew-cta-inner\">\n\t\t\t\t\t\t\t\t\t<h2 class=\"oew-cta-title oew-cta-content\">\n\t\t\t\t\t\tInfos A-Z\t\t\t\t\t<\/h2>\n\t\t\t\t\t\t\t\t\t\t<div class=\"oew-cta-description oew-cta-content\">Informieren Sie sich \u00fcber Ihre Urlaubsregion! Orte, Tipps, Hinweise uvm. <\/div>\n\t\t\t\t\t\t\t\t\t\t<div class=\"oew-cta-btn oew-cta-content\">\n\t\t\t\t\t\t<a class=\"button\" href=\"\/lanzarote\/kategorie\/infos-a-z\/\">\n\t\t\t\t\t\t\t<i aria-hidden=\"true\" class=\"\"><\/i>\t\t\t\t\t\t\t<span>Zu den Infos<\/span>\n\t\t\t\t\t\t\t\t\t\t\t\t\t<\/a>\n\n\t\t\t\t\t\t\t\t\t\t\t<\/div>\n\t\t\t\t\t\t\t\t<\/div>\n\t\t<\/div>\n\n\t\t\t\t\t\t<\/div>\n\t\t\t\t<\/div>\n\t\t\t\t<\/div>\n\t\t\t\t\t<\/div>\n\t\t\t\t<\/div>\n\t\t<div class=\"has_ae_slider elementor-element elementor-element-9f9b912 e-con-full e-flex ae-bg-gallery-type-default e-con e-parent\" data-id=\"9f9b912\" data-element_type=\"container\" data-settings=\"{&quot;background_background&quot;:&quot;classic&quot;}\">\n\t\t<div class=\"has_ae_slider elementor-element elementor-element-8a82592 e-flex e-con-boxed ae-bg-gallery-type-default e-con e-child\" data-id=\"8a82592\" data-element_type=\"container\">\n\t\t\t\t\t<div class=\"e-con-inner\">\n\t\t<div class=\"has_ae_slider elementor-element elementor-element-75a4a4c e-con-full e-flex ae-bg-gallery-type-default e-con e-child\" data-id=\"75a4a4c\" data-element_type=\"container\">\n\t\t\t\t<div class=\"elementor-element elementor-element-0f8fd3e elementor-widget elementor-widget-heading\" data-id=\"0f8fd3e\" data-element_type=\"widget\" data-widget_type=\"heading.default\">\n\t\t\t\t<div class=\"elementor-widget-container\">\n\t\t\t\t\t<h2 class=\"elementor-heading-title elementor-size-default\">Ihre DERTOUR Group Reiseleitung<\/h2>\t\t\t\t<\/div>\n\t\t\t\t<\/div>\n\t\t\t\t<div class=\"elementor-element elementor-element-64400a3 elementor-widget elementor-widget-heading\" data-id=\"64400a3\" data-element_type=\"widget\" data-widget_type=\"heading.default\">\n\t\t\t\t<div class=\"elementor-widget-container\">\n\t\t\t\t\t<h2 class=\"elementor-heading-title elementor-size-default\">Professionell und motiviert<\/h2>\t\t\t\t<\/div>\n\t\t\t\t<\/div>\n\t\t\t\t<div class=\"elementor-element elementor-element-7786f43 elementor-widget elementor-widget-text-editor\" data-id=\"7786f43\" data-element_type=\"widget\" data-widget_type=\"text-editor.default\">\n\t\t\t\t<div class=\"elementor-widget-container\">\n\t\t\t\t\t\t\t\t\t<p>Die DERTOUR Group Reiseleitung ist in vielen Urlaubsregionen vor Ort und steht Ihnen bei der Gestaltung Ihres Urlaubs gerne zur Seite.<\/p>\t\t\t\t\t\t\t\t<\/div>\n\t\t\t\t<\/div>\n\t\t\t\t<\/div>\n\t\t<div class=\"has_ae_slider elementor-element elementor-element-fe5a8fd e-con-full e-flex ae-bg-gallery-type-default e-con e-child\" data-id=\"fe5a8fd\" data-element_type=\"container\">\n\t\t\t\t<div class=\"elementor-element elementor-element-b40a027 elementor-widget elementor-widget-image\" data-id=\"b40a027\" data-element_type=\"widget\" data-widget_type=\"image.default\">\n\t\t\t\t<div class=\"elementor-widget-container\">\n\t\t\t\t\t\t\t\t\t\t\t\t\t\t\t<img loading=\"lazy\" decoding=\"async\" width=\"800\" height=\"450\" src=\"https:\/\/rldev.dts.dmcit.tech\/lanzarote\/wp-content\/uploads\/sites\/9\/2025\/05\/team-ace-2025-2_1060x560-800x450.jpg\" class=\"attachment-ocean-thumb-ml size-ocean-thumb-ml wp-image-10451\" alt=\"\" \/>\t\t\t\t\t\t\t\t\t\t\t\t\t\t\t<\/div>\n\t\t\t\t<\/div>\n\t\t\t\t<\/div>\n\t\t\t\t\t<\/div>\n\t\t\t\t<\/div>\n\t\t\t\t<\/div>\n\t\t\t\t<\/div>\n\t\t","protected":false},"excerpt":{"rendered":"<p>Willkommen auf Lanzarote! Liebe Reiseg\u00e4ste, es freut uns sehr, dass Sie da sind, und wir w\u00fcnschen Ihnen einen angenehmen Urlaub.Wir bedanken uns f\u00fcr Ihr Vertrauen und m\u00f6chten, dass Ihr Urlaub zu einem unvergesslichen Erlebnis wird, an das Sie gerne zur\u00fcckdenken. Damit Sie gleich vom ersten Tag an Ihre Zeit genie\u00dfen k\u00f6nnen, stellen wir Ihnen hier [&hellip;]<\/p>\n","protected":false},"author":2,"featured_media":0,"parent":0,"menu_order":0,"comment_status":"closed","ping_status":"closed","template":"elementor_header_footer","meta":{"_acf_changed":false,"ocean_post_layout":"","ocean_both_sidebars_style":"","ocean_both_sidebars_content_width":0,"ocean_both_sidebars_sidebars_width":0,"ocean_sidebar":"0","ocean_second_sidebar":"0","ocean_disable_margins":"enable","ocean_add_body_class":"","ocean_shortcode_before_top_bar":"","ocean_shortcode_after_top_bar":"","ocean_shortcode_before_header":"","ocean_shortcode_after_header":"","ocean_has_shortcode":"","ocean_shortcode_after_title":"","ocean_shortcode_before_footer_widgets":"","ocean_shortcode_after_footer_widgets":"","ocean_shortcode_before_footer_bottom":"","ocean_shortcode_after_footer_bottom":"","ocean_display_top_bar":"default","ocean_display_header":"default","ocean_header_style":"","ocean_center_header_left_menu":"0","ocean_custom_header_template":"0","ocean_custom_logo":0,"ocean_custom_retina_logo":0,"ocean_custom_logo_max_width":0,"ocean_custom_logo_tablet_max_width":0,"ocean_custom_logo_mobile_max_width":0,"ocean_custom_logo_max_height":0,"ocean_custom_logo_tablet_max_height":0,"ocean_custom_logo_mobile_max_height":0,"ocean_header_custom_menu":"0","ocean_menu_typo_font_family":"0","ocean_menu_typo_font_subset":"","ocean_menu_typo_font_size":0,"ocean_menu_typo_font_size_tablet":0,"ocean_menu_typo_font_size_mobile":0,"ocean_menu_typo_font_size_unit":"px","ocean_menu_typo_font_weight":"","ocean_menu_typo_font_weight_tablet":"","ocean_menu_typo_font_weight_mobile":"","ocean_menu_typo_transform":"","ocean_menu_typo_transform_tablet":"","ocean_menu_typo_transform_mobile":"","ocean_menu_typo_line_height":0,"ocean_menu_typo_line_height_tablet":0,"ocean_menu_typo_line_height_mobile":0,"ocean_menu_typo_line_height_unit":"","ocean_menu_typo_spacing":0,"ocean_menu_typo_spacing_tablet":0,"ocean_menu_typo_spacing_mobile":0,"ocean_menu_typo_spacing_unit":"","ocean_menu_link_color":"","ocean_menu_link_color_hover":"","ocean_menu_link_color_active":"","ocean_menu_link_background":"","ocean_menu_link_hover_background":"","ocean_menu_link_active_background":"","ocean_menu_social_links_bg":"","ocean_menu_social_hover_links_bg":"","ocean_menu_social_links_color":"","ocean_menu_social_hover_links_color":"","ocean_disable_title":"on","ocean_disable_heading":"on","ocean_post_title":"","ocean_post_subheading":"","ocean_post_title_style":"","ocean_post_title_background_color":"","ocean_post_title_background":0,"ocean_post_title_bg_image_position":"","ocean_post_title_bg_image_attachment":"","ocean_post_title_bg_image_repeat":"","ocean_post_title_bg_image_size":"","ocean_post_title_height":0,"ocean_post_title_bg_overlay":0.5,"ocean_post_title_bg_overlay_color":"","ocean_disable_breadcrumbs":"default","ocean_breadcrumbs_color":"","ocean_breadcrumbs_separator_color":"","ocean_breadcrumbs_links_color":"","ocean_breadcrumbs_links_hover_color":"","ocean_display_footer_widgets":"default","ocean_display_footer_bottom":"default","ocean_custom_footer_template":"0","omw_enable_modal_window":"enable","osh_disable_topbar_sticky":"default","osh_disable_header_sticky":"default","osh_sticky_header_style":"default","osh_sticky_header_effect":"","osh_custom_sticky_logo":0,"osh_custom_retina_sticky_logo":0,"osh_custom_sticky_logo_height":0,"osh_background_color":"","osh_links_color":"","osh_links_hover_color":"","osh_links_active_color":"","osh_links_bg_color":"","osh_links_hover_bg_color":"","osh_links_active_bg_color":"","osh_menu_social_links_color":"","osh_menu_social_hover_links_color":"","footnotes":""},"seitenkategorien":[],"class_list":["post-33","page","type-page","status-publish","hentry","entry","owp-thumbs-layout-horizontal","owp-btn-normal","owp-tabs-layout-section","has-no-thumbnails","has-product-nav"],"acf":[],"_links":{"self":[{"href":"https:\/\/rldev.dts.dmcit.tech\/lanzarote\/wp-json\/wp\/v2\/pages\/33","targetHints":{"allow":["GET"]}}],"collection":[{"href":"https:\/\/rldev.dts.dmcit.tech\/lanzarote\/wp-json\/wp\/v2\/pages"}],"about":[{"href":"https:\/\/rldev.dts.dmcit.tech\/lanzarote\/wp-json\/wp\/v2\/types\/page"}],"author":[{"embeddable":true,"href":"https:\/\/rldev.dts.dmcit.tech\/lanzarote\/wp-json\/wp\/v2\/users\/2"}],"replies":[{"embeddable":true,"href":"https:\/\/rldev.dts.dmcit.tech\/lanzarote\/wp-json\/wp\/v2\/comments?post=33"}],"version-history":[{"count":38,"href":"https:\/\/rldev.dts.dmcit.tech\/lanzarote\/wp-json\/wp\/v2\/pages\/33\/revisions"}],"predecessor-version":[{"id":10526,"href":"https:\/\/rldev.dts.dmcit.tech\/lanzarote\/wp-json\/wp\/v2\/pages\/33\/revisions\/10526"}],"wp:attachment":[{"href":"https:\/\/rldev.dts.dmcit.tech\/lanzarote\/wp-json\/wp\/v2\/media?parent=33"}],"wp:term":[{"taxonomy":"seitenkategorien","embeddable":true,"href":"https:\/\/rldev.dts.dmcit.tech\/lanzarote\/wp-json\/wp\/v2\/seitenkategorien?post=33"}],"curies":[{"name":"wp","href":"https:\/\/api.w.org\/{rel}","templated":true}]}}