{"id":33,"date":"2024-11-12T22:05:17","date_gmt":"2024-11-12T21:05:17","guid":{"rendered":"https:\/\/rldev.dts.dmcit.tech\/ibiza\/?page_id=33"},"modified":"2025-05-19T12:22:46","modified_gmt":"2025-05-19T10:22:46","slug":"home","status":"publish","type":"page","link":"https:\/\/rldev.dts.dmcit.tech\/ibiza\/","title":{"rendered":"Home"},"content":{"rendered":"\t\t<div data-elementor-type=\"wp-page\" data-elementor-id=\"33\" class=\"elementor elementor-33\" data-elementor-post-type=\"page\">\n\t\t\t\t<div class=\"has_ae_slider elementor-element elementor-element-f88924e e-con-full e-flex ae-bg-gallery-type-default e-con e-parent\" data-id=\"f88924e\" data-element_type=\"container\" data-settings=\"{&quot;background_background&quot;:&quot;classic&quot;}\">\n\t\t<div class=\"has_ae_slider elementor-element elementor-element-d6f6c8b e-con-full e-flex ae-bg-gallery-type-default e-con e-child\" data-id=\"d6f6c8b\" data-element_type=\"container\" data-settings=\"{&quot;background_background&quot;:&quot;classic&quot;}\">\n\t\t<div class=\"has_ae_slider elementor-element elementor-element-00c7d25 e-flex e-con-boxed ae-bg-gallery-type-default e-con e-child\" data-id=\"00c7d25\" data-element_type=\"container\">\n\t\t\t\t\t<div class=\"e-con-inner\">\n\t\t<div class=\"has_ae_slider elementor-element elementor-element-6f26c97 e-con-full e-flex ae-bg-gallery-type-default e-con e-child\" data-id=\"6f26c97\" data-element_type=\"container\" data-settings=\"{&quot;background_background&quot;:&quot;classic&quot;}\">\n\t\t\t\t<div class=\"elementor-element elementor-element-dce3156 elementor-widget elementor-widget-heading\" data-id=\"dce3156\" data-element_type=\"widget\" data-widget_type=\"heading.default\">\n\t\t\t\t<div class=\"elementor-widget-container\">\n\t\t\t\t\t<h1 class=\"elementor-heading-title elementor-size-default\">Willkommen auf Ibiza &amp; Formentera!<\/h1>\t\t\t\t<\/div>\n\t\t\t\t<\/div>\n\t\t\t\t<\/div>\n\t\t\t\t\t<\/div>\n\t\t\t\t<\/div>\n\t\t\t\t<\/div>\n\t\t\t\t<\/div>\n\t\t<div class=\"has_ae_slider elementor-element elementor-element-92d04b3 e-flex e-con-boxed ae-bg-gallery-type-default e-con e-parent\" data-id=\"92d04b3\" data-element_type=\"container\" data-settings=\"{&quot;background_background&quot;:&quot;classic&quot;}\">\n\t\t\t\t\t<div class=\"e-con-inner\">\n\t\t\t\t<div class=\"elementor-element elementor-element-8c4c4ed elementor-widget__width-initial elementor-widget elementor-widget-text-editor\" data-id=\"8c4c4ed\" data-element_type=\"widget\" data-widget_type=\"text-editor.default\">\n\t\t\t\t<div class=\"elementor-widget-container\">\n\t\t\t\t\t\t\t\t\t<p>Liebe Reiseg\u00e4ste,<\/p><p>es freut uns sehr, dass Sie da sind, und wir w\u00fcnschen Ihnen einen angenehmen Urlaub.<br \/>Wir bedanken uns f\u00fcr Ihr Vertrauen und m\u00f6chten, dass Ihr Urlaub zu einem unvergesslichen Erlebnis wird, an das Sie gerne zur\u00fcckdenken. Damit Sie gleich vom ersten Tag an Ihre Zeit genie\u00dfen k\u00f6nnen, stellen wir Ihnen hier wertvolle Tipps und Informationen zur Verf\u00fcgung.<\/p>\t\t\t\t\t\t\t\t<\/div>\n\t\t\t\t<\/div>\n\t\t\t\t\t<\/div>\n\t\t\t\t<\/div>\n\t\t<div class=\"has_ae_slider elementor-element elementor-element-ed54c03 e-flex e-con-boxed ae-bg-gallery-type-default e-con e-parent\" data-id=\"ed54c03\" data-element_type=\"container\">\n\t\t\t\t\t<div class=\"e-con-inner\">\n\t\t<div class=\"has_ae_slider elementor-element elementor-element-3a25276 e-con-full e-flex ae-bg-gallery-type-default e-con e-child\" data-id=\"3a25276\" data-element_type=\"container\" data-settings=\"{&quot;background_background&quot;:&quot;classic&quot;}\">\n\t\t\t\t<div class=\"elementor-element elementor-element-6acc597 elementor-widget elementor-widget-image\" data-id=\"6acc597\" data-element_type=\"widget\" data-widget_type=\"image.default\">\n\t\t\t\t<div class=\"elementor-widget-container\">\n\t\t\t\t\t\t\t\t\t\t\t\t\t\t\t<img fetchpriority=\"high\" decoding=\"async\" width=\"952\" height=\"502\" src=\"https:\/\/rldev.dts.dmcit.tech\/ibiza\/wp-content\/uploads\/sites\/5\/news_952x502.jpg\" class=\"attachment-large size-large wp-image-10073\" alt=\"\" srcset=\"https:\/\/rldev.dts.dmcit.tech\/ibiza\/wp-content\/uploads\/sites\/5\/news_952x502.jpg 952w, https:\/\/rldev.dts.dmcit.tech\/ibiza\/wp-content\/uploads\/sites\/5\/news_952x502-300x158.jpg 300w, https:\/\/rldev.dts.dmcit.tech\/ibiza\/wp-content\/uploads\/sites\/5\/news_952x502-768x405.jpg 768w, https:\/\/rldev.dts.dmcit.tech\/ibiza\/wp-content\/uploads\/sites\/5\/news_952x502-600x316.jpg 600w\" sizes=\"(max-width: 952px) 100vw, 952px\" \/>\t\t\t\t\t\t\t\t\t\t\t\t\t\t\t<\/div>\n\t\t\t\t<\/div>\n\t\t\t\t<div class=\"elementor-element elementor-element-a7065fe oew-cta-style-basic elementor-widget elementor-widget-oew-call-to-action\" data-id=\"a7065fe\" data-element_type=\"widget\" data-widget_type=\"oew-call-to-action.default\">\n\t\t\t\t<div class=\"elementor-widget-container\">\n\t\t\t\t\t\n\t\t<div class=\"oew-cta\">\n\n\t\t\t\n\t\t\t<div class=\"oew-cta-inner\">\n\t\t\t\t\t\t\t\t\t<h2 class=\"oew-cta-title oew-cta-content\">\n\t\t\t\t\t\tWichtige News\t\t\t\t\t<\/h2>\n\t\t\t\t\t\t\t\t\t\t<div class=\"oew-cta-description oew-cta-content\">Aktuelle Meldungen und wichtige Informationen.<br>Wir informieren Sie!<\/div>\n\t\t\t\t\t\t\t\t\t\t<div class=\"oew-cta-btn oew-cta-content\">\n\t\t\t\t\t\t<a class=\"button\" href=\"\/ibiza\/news-ticker\/\">\n\t\t\t\t\t\t\t<i aria-hidden=\"true\" class=\"\"><\/i>\t\t\t\t\t\t\t<span>Zu den News<\/span>\n\t\t\t\t\t\t\t\t\t\t\t\t\t<\/a>\n\n\t\t\t\t\t\t\t\t\t\t\t<\/div>\n\t\t\t\t\t\t\t\t<\/div>\n\t\t<\/div>\n\n\t\t\t\t\t\t<\/div>\n\t\t\t\t<\/div>\n\t\t\t\t<\/div>\n\t\t<div class=\"has_ae_slider elementor-element elementor-element-14c7e1b e-con-full e-flex ae-bg-gallery-type-default e-con e-child\" data-id=\"14c7e1b\" data-element_type=\"container\" data-settings=\"{&quot;background_background&quot;:&quot;classic&quot;}\">\n\t\t\t\t<div class=\"elementor-element elementor-element-4ed8bdf elementor-widget elementor-widget-image\" data-id=\"4ed8bdf\" data-element_type=\"widget\" data-widget_type=\"image.default\">\n\t\t\t\t<div class=\"elementor-widget-container\">\n\t\t\t\t\t\t\t\t\t\t\t\t\t\t\t<img decoding=\"async\" width=\"952\" height=\"502\" src=\"https:\/\/rldev.dts.dmcit.tech\/ibiza\/wp-content\/uploads\/sites\/5\/reiseleitung_952x502.jpg\" class=\"attachment-large size-large wp-image-10074\" alt=\"\" srcset=\"https:\/\/rldev.dts.dmcit.tech\/ibiza\/wp-content\/uploads\/sites\/5\/reiseleitung_952x502.jpg 952w, https:\/\/rldev.dts.dmcit.tech\/ibiza\/wp-content\/uploads\/sites\/5\/reiseleitung_952x502-300x158.jpg 300w, https:\/\/rldev.dts.dmcit.tech\/ibiza\/wp-content\/uploads\/sites\/5\/reiseleitung_952x502-768x405.jpg 768w, https:\/\/rldev.dts.dmcit.tech\/ibiza\/wp-content\/uploads\/sites\/5\/reiseleitung_952x502-600x316.jpg 600w\" sizes=\"(max-width: 952px) 100vw, 952px\" \/>\t\t\t\t\t\t\t\t\t\t\t\t\t\t\t<\/div>\n\t\t\t\t<\/div>\n\t\t\t\t<div class=\"elementor-element elementor-element-7f74e84 oew-cta-style-basic elementor-widget elementor-widget-oew-call-to-action\" data-id=\"7f74e84\" data-element_type=\"widget\" data-widget_type=\"oew-call-to-action.default\">\n\t\t\t\t<div class=\"elementor-widget-container\">\n\t\t\t\t\t\n\t\t<div class=\"oew-cta\">\n\n\t\t\t\n\t\t\t<div class=\"oew-cta-inner\">\n\t\t\t\t\t\t\t\t\t<h2 class=\"oew-cta-title oew-cta-content\">\n\t\t\t\t\t\tReiseleitung\t\t\t\t\t<\/h2>\n\t\t\t\t\t\t\t\t\t\t<div class=\"oew-cta-description oew-cta-content\">Professionelle, erfahrene und motivierte Betreuung.<br>Wir sind f\u00fcr Sie da!<\/div>\n\t\t\t\t\t\t\t\t\t\t<div class=\"oew-cta-btn oew-cta-content\">\n\t\t\t\t\t\t<a class=\"button\" href=\"\/ibiza\/hotels\/\">\n\t\t\t\t\t\t\t<i aria-hidden=\"true\" class=\"\"><\/i>\t\t\t\t\t\t\t<span>Zur Reiseleitung<\/span>\n\t\t\t\t\t\t\t\t\t\t\t\t\t<\/a>\n\n\t\t\t\t\t\t\t\t\t\t\t<\/div>\n\t\t\t\t\t\t\t\t<\/div>\n\t\t<\/div>\n\n\t\t\t\t\t\t<\/div>\n\t\t\t\t<\/div>\n\t\t\t\t<\/div>\n\t\t<div class=\"has_ae_slider elementor-element elementor-element-842ccd6 e-con-full e-flex ae-bg-gallery-type-default e-con e-child\" data-id=\"842ccd6\" data-element_type=\"container\" data-settings=\"{&quot;background_background&quot;:&quot;classic&quot;}\">\n\t\t\t\t<div class=\"elementor-element elementor-element-63cdb33 elementor-widget elementor-widget-image\" data-id=\"63cdb33\" data-element_type=\"widget\" data-widget_type=\"image.default\">\n\t\t\t\t<div class=\"elementor-widget-container\">\n\t\t\t\t\t\t\t\t\t\t\t\t\t\t\t<img decoding=\"async\" width=\"952\" height=\"502\" src=\"https:\/\/rldev.dts.dmcit.tech\/ibiza\/wp-content\/uploads\/sites\/5\/an-abreise_952x502.jpg\" class=\"attachment-large size-large wp-image-10075\" alt=\"\" srcset=\"https:\/\/rldev.dts.dmcit.tech\/ibiza\/wp-content\/uploads\/sites\/5\/an-abreise_952x502.jpg 952w, https:\/\/rldev.dts.dmcit.tech\/ibiza\/wp-content\/uploads\/sites\/5\/an-abreise_952x502-300x158.jpg 300w, https:\/\/rldev.dts.dmcit.tech\/ibiza\/wp-content\/uploads\/sites\/5\/an-abreise_952x502-768x405.jpg 768w, https:\/\/rldev.dts.dmcit.tech\/ibiza\/wp-content\/uploads\/sites\/5\/an-abreise_952x502-600x316.jpg 600w\" sizes=\"(max-width: 952px) 100vw, 952px\" \/>\t\t\t\t\t\t\t\t\t\t\t\t\t\t\t<\/div>\n\t\t\t\t<\/div>\n\t\t\t\t<div class=\"elementor-element elementor-element-81d2bcc oew-cta-style-basic elementor-widget elementor-widget-oew-call-to-action\" data-id=\"81d2bcc\" data-element_type=\"widget\" data-widget_type=\"oew-call-to-action.default\">\n\t\t\t\t<div class=\"elementor-widget-container\">\n\t\t\t\t\t\n\t\t<div class=\"oew-cta\">\n\n\t\t\t\n\t\t\t<div class=\"oew-cta-inner\">\n\t\t\t\t\t\t\t\t\t<h2 class=\"oew-cta-title oew-cta-content\">\n\t\t\t\t\t\tAn- und Abreise\t\t\t\t\t<\/h2>\n\t\t\t\t\t\t\t\t\t\t<div class=\"oew-cta-description oew-cta-content\">Informationen zum Flughafen, den Transfers und Abfrage der <strong>Abholzeit<\/strong> <br>(1-2 Tage vor Abreise)<\/div>\n\t\t\t\t\t\t\t\t\t\t<div class=\"oew-cta-btn oew-cta-content\">\n\t\t\t\t\t\t<a class=\"button\" href=\"\/ibiza\/an-und-abreise\/\">\n\t\t\t\t\t\t\t<i aria-hidden=\"true\" class=\"\"><\/i>\t\t\t\t\t\t\t<span>Zur An- und Abreise<\/span>\n\t\t\t\t\t\t\t\t\t\t\t\t\t<\/a>\n\n\t\t\t\t\t\t\t\t\t\t\t<\/div>\n\t\t\t\t\t\t\t\t<\/div>\n\t\t<\/div>\n\n\t\t\t\t\t\t<\/div>\n\t\t\t\t<\/div>\n\t\t\t\t<\/div>\n\t\t<div class=\"has_ae_slider elementor-element elementor-element-6685870 e-con-full e-flex ae-bg-gallery-type-default e-con e-child\" data-id=\"6685870\" data-element_type=\"container\" data-settings=\"{&quot;background_background&quot;:&quot;classic&quot;}\">\n\t\t\t\t<div class=\"elementor-element elementor-element-1453ede elementor-widget elementor-widget-image\" data-id=\"1453ede\" data-element_type=\"widget\" data-widget_type=\"image.default\">\n\t\t\t\t<div class=\"elementor-widget-container\">\n\t\t\t\t\t\t\t\t\t\t\t\t\t\t\t<img loading=\"lazy\" decoding=\"async\" width=\"952\" height=\"502\" src=\"https:\/\/rldev.dts.dmcit.tech\/ibiza\/wp-content\/uploads\/sites\/5\/aktivitaeten_952x502.jpg\" class=\"attachment-large size-large wp-image-10076\" alt=\"\" srcset=\"https:\/\/rldev.dts.dmcit.tech\/ibiza\/wp-content\/uploads\/sites\/5\/aktivitaeten_952x502.jpg 952w, https:\/\/rldev.dts.dmcit.tech\/ibiza\/wp-content\/uploads\/sites\/5\/aktivitaeten_952x502-300x158.jpg 300w, https:\/\/rldev.dts.dmcit.tech\/ibiza\/wp-content\/uploads\/sites\/5\/aktivitaeten_952x502-768x405.jpg 768w, https:\/\/rldev.dts.dmcit.tech\/ibiza\/wp-content\/uploads\/sites\/5\/aktivitaeten_952x502-600x316.jpg 600w\" sizes=\"(max-width: 952px) 100vw, 952px\" \/>\t\t\t\t\t\t\t\t\t\t\t\t\t\t\t<\/div>\n\t\t\t\t<\/div>\n\t\t\t\t<div class=\"elementor-element elementor-element-6970523 oew-cta-style-basic elementor-widget elementor-widget-oew-call-to-action\" data-id=\"6970523\" data-element_type=\"widget\" data-widget_type=\"oew-call-to-action.default\">\n\t\t\t\t<div class=\"elementor-widget-container\">\n\t\t\t\t\t\n\t\t<div class=\"oew-cta\">\n\n\t\t\t\n\t\t\t<div class=\"oew-cta-inner\">\n\t\t\t\t\t\t\t\t\t<h2 class=\"oew-cta-title oew-cta-content\">\n\t\t\t\t\t\tAktivit\u00e4ten \/ Ausfl\u00fcge\t\t\t\t\t<\/h2>\n\t\t\t\t\t\t\t\t\t\t<div class=\"oew-cta-description oew-cta-content\">Entdecken Sie Ihre Urlaubsregion auf unseren erlebnisreichen Ausfl\u00fcgen oder bei interessanten Aktivit\u00e4ten!<\/div>\n\t\t\t\t\t\t\t\t\t\t<div class=\"oew-cta-btn oew-cta-content\">\n\t\t\t\t\t\t<a class=\"button\" href=\"\/ibiza\/aktivitaeten\/\">\n\t\t\t\t\t\t\t<i aria-hidden=\"true\" class=\"\"><\/i>\t\t\t\t\t\t\t<span>Zu den Aktivit\u00e4ten<\/span>\n\t\t\t\t\t\t\t\t\t\t\t\t\t<\/a>\n\n\t\t\t\t\t\t\t\t\t\t\t<\/div>\n\t\t\t\t\t\t\t\t<\/div>\n\t\t<\/div>\n\n\t\t\t\t\t\t<\/div>\n\t\t\t\t<\/div>\n\t\t\t\t<\/div>\n\t\t<div class=\"has_ae_slider elementor-element elementor-element-892779d e-con-full e-flex ae-bg-gallery-type-default e-con e-child\" data-id=\"892779d\" data-element_type=\"container\" data-settings=\"{&quot;background_background&quot;:&quot;classic&quot;}\">\n\t\t\t\t<div class=\"elementor-element elementor-element-8347d27 elementor-widget elementor-widget-image\" data-id=\"8347d27\" data-element_type=\"widget\" data-widget_type=\"image.default\">\n\t\t\t\t<div class=\"elementor-widget-container\">\n\t\t\t\t\t\t\t\t\t\t\t\t\t\t\t<img loading=\"lazy\" decoding=\"async\" width=\"952\" height=\"502\" src=\"https:\/\/rldev.dts.dmcit.tech\/ibiza\/wp-content\/uploads\/sites\/5\/mietwagen_952x502.jpg\" class=\"attachment-large size-large wp-image-10077\" alt=\"\" srcset=\"https:\/\/rldev.dts.dmcit.tech\/ibiza\/wp-content\/uploads\/sites\/5\/mietwagen_952x502.jpg 952w, https:\/\/rldev.dts.dmcit.tech\/ibiza\/wp-content\/uploads\/sites\/5\/mietwagen_952x502-300x158.jpg 300w, https:\/\/rldev.dts.dmcit.tech\/ibiza\/wp-content\/uploads\/sites\/5\/mietwagen_952x502-768x405.jpg 768w, https:\/\/rldev.dts.dmcit.tech\/ibiza\/wp-content\/uploads\/sites\/5\/mietwagen_952x502-600x316.jpg 600w\" sizes=\"(max-width: 952px) 100vw, 952px\" \/>\t\t\t\t\t\t\t\t\t\t\t\t\t\t\t<\/div>\n\t\t\t\t<\/div>\n\t\t\t\t<div class=\"elementor-element elementor-element-4f9a188 oew-cta-style-basic elementor-widget elementor-widget-oew-call-to-action\" data-id=\"4f9a188\" data-element_type=\"widget\" data-widget_type=\"oew-call-to-action.default\">\n\t\t\t\t<div class=\"elementor-widget-container\">\n\t\t\t\t\t\n\t\t<div class=\"oew-cta\">\n\n\t\t\t\n\t\t\t<div class=\"oew-cta-inner\">\n\t\t\t\t\t\t\t\t\t<h2 class=\"oew-cta-title oew-cta-content\">\n\t\t\t\t\t\tMietwagen\t\t\t\t\t<\/h2>\n\t\t\t\t\t\t\t\t\t\t<div class=\"oew-cta-description oew-cta-content\">Entdecken Sie Ihre Urlaubsregion sicher und auf eigene Faust mit dem Mietwagen!<\/div>\n\t\t\t\t\t\t\t\t\t\t<div class=\"oew-cta-btn oew-cta-content\">\n\t\t\t\t\t\t<a class=\"button\" href=\"\/ibiza\/aktivitaeten-rentals\/rentals\/mietwagen\/\">\n\t\t\t\t\t\t\t<i aria-hidden=\"true\" class=\"\"><\/i>\t\t\t\t\t\t\t<span>Zu den Mietwagen<\/span>\n\t\t\t\t\t\t\t\t\t\t\t\t\t<\/a>\n\n\t\t\t\t\t\t\t\t\t\t\t<\/div>\n\t\t\t\t\t\t\t\t<\/div>\n\t\t<\/div>\n\n\t\t\t\t\t\t<\/div>\n\t\t\t\t<\/div>\n\t\t\t\t<\/div>\n\t\t<div class=\"has_ae_slider elementor-element elementor-element-a5ab28d e-con-full e-flex ae-bg-gallery-type-default e-con e-child\" data-id=\"a5ab28d\" data-element_type=\"container\" data-settings=\"{&quot;background_background&quot;:&quot;classic&quot;}\">\n\t\t\t\t<div class=\"elementor-element elementor-element-fb6d882 elementor-widget elementor-widget-image\" data-id=\"fb6d882\" data-element_type=\"widget\" data-widget_type=\"image.default\">\n\t\t\t\t<div class=\"elementor-widget-container\">\n\t\t\t\t\t\t\t\t\t\t\t\t\t\t\t<img loading=\"lazy\" decoding=\"async\" width=\"952\" height=\"502\" src=\"https:\/\/rldev.dts.dmcit.tech\/ibiza\/wp-content\/uploads\/sites\/5\/infos_952x502.jpg\" class=\"attachment-large size-large wp-image-10078\" alt=\"\" srcset=\"https:\/\/rldev.dts.dmcit.tech\/ibiza\/wp-content\/uploads\/sites\/5\/infos_952x502.jpg 952w, https:\/\/rldev.dts.dmcit.tech\/ibiza\/wp-content\/uploads\/sites\/5\/infos_952x502-300x158.jpg 300w, https:\/\/rldev.dts.dmcit.tech\/ibiza\/wp-content\/uploads\/sites\/5\/infos_952x502-768x405.jpg 768w, https:\/\/rldev.dts.dmcit.tech\/ibiza\/wp-content\/uploads\/sites\/5\/infos_952x502-600x316.jpg 600w\" sizes=\"(max-width: 952px) 100vw, 952px\" \/>\t\t\t\t\t\t\t\t\t\t\t\t\t\t\t<\/div>\n\t\t\t\t<\/div>\n\t\t\t\t<div class=\"elementor-element elementor-element-3ed35cc oew-cta-style-basic elementor-widget elementor-widget-oew-call-to-action\" data-id=\"3ed35cc\" data-element_type=\"widget\" data-widget_type=\"oew-call-to-action.default\">\n\t\t\t\t<div class=\"elementor-widget-container\">\n\t\t\t\t\t\n\t\t<div class=\"oew-cta\">\n\n\t\t\t\n\t\t\t<div class=\"oew-cta-inner\">\n\t\t\t\t\t\t\t\t\t<h2 class=\"oew-cta-title oew-cta-content\">\n\t\t\t\t\t\tInfos A-Z\t\t\t\t\t<\/h2>\n\t\t\t\t\t\t\t\t\t\t<div class=\"oew-cta-description oew-cta-content\">Informieren Sie sich \u00fcber Ihre Urlaubsregion! Orte, Tipps, Hinweise uvm. <\/div>\n\t\t\t\t\t\t\t\t\t\t<div class=\"oew-cta-btn oew-cta-content\">\n\t\t\t\t\t\t<a class=\"button\" href=\"\/ibiza\/kategorie\/infos-a-z\/\">\n\t\t\t\t\t\t\t<i aria-hidden=\"true\" class=\"\"><\/i>\t\t\t\t\t\t\t<span>Zu den Infos<\/span>\n\t\t\t\t\t\t\t\t\t\t\t\t\t<\/a>\n\n\t\t\t\t\t\t\t\t\t\t\t<\/div>\n\t\t\t\t\t\t\t\t<\/div>\n\t\t<\/div>\n\n\t\t\t\t\t\t<\/div>\n\t\t\t\t<\/div>\n\t\t\t\t<\/div>\n\t\t\t\t\t<\/div>\n\t\t\t\t<\/div>\n\t\t<div class=\"has_ae_slider elementor-element elementor-element-85e2e20 e-con-full e-flex ae-bg-gallery-type-default e-con e-parent\" data-id=\"85e2e20\" data-element_type=\"container\" data-settings=\"{&quot;background_background&quot;:&quot;classic&quot;}\">\n\t\t<div class=\"has_ae_slider elementor-element elementor-element-6273037 e-flex e-con-boxed ae-bg-gallery-type-default e-con e-child\" data-id=\"6273037\" data-element_type=\"container\">\n\t\t\t\t\t<div class=\"e-con-inner\">\n\t\t<div class=\"has_ae_slider elementor-element elementor-element-888c36d e-con-full e-flex ae-bg-gallery-type-default e-con e-child\" data-id=\"888c36d\" data-element_type=\"container\">\n\t\t\t\t<div class=\"elementor-element elementor-element-5161177 elementor-widget elementor-widget-heading\" data-id=\"5161177\" data-element_type=\"widget\" data-widget_type=\"heading.default\">\n\t\t\t\t<div class=\"elementor-widget-container\">\n\t\t\t\t\t<h2 class=\"elementor-heading-title elementor-size-default\">Ihre DERTOUR Group Reiseleitung<\/h2>\t\t\t\t<\/div>\n\t\t\t\t<\/div>\n\t\t\t\t<div class=\"elementor-element elementor-element-8ececea elementor-widget elementor-widget-heading\" data-id=\"8ececea\" data-element_type=\"widget\" data-widget_type=\"heading.default\">\n\t\t\t\t<div class=\"elementor-widget-container\">\n\t\t\t\t\t<h2 class=\"elementor-heading-title elementor-size-default\">Professionell und motiviert<\/h2>\t\t\t\t<\/div>\n\t\t\t\t<\/div>\n\t\t\t\t<div class=\"elementor-element elementor-element-b05d30d elementor-widget elementor-widget-text-editor\" data-id=\"b05d30d\" data-element_type=\"widget\" data-widget_type=\"text-editor.default\">\n\t\t\t\t<div class=\"elementor-widget-container\">\n\t\t\t\t\t\t\t\t\t<p>Die DERTOUR Group Reiseleitung ist in vielen Urlaubsregionen vor Ort und steht Ihnen bei der Gestaltung Ihres Urlaubs gerne zur Seite.<\/p>\t\t\t\t\t\t\t\t<\/div>\n\t\t\t\t<\/div>\n\t\t\t\t<\/div>\n\t\t<div class=\"has_ae_slider elementor-element elementor-element-ba52c70 e-con-full e-flex ae-bg-gallery-type-default e-con e-child\" data-id=\"ba52c70\" data-element_type=\"container\">\n\t\t\t\t<div class=\"elementor-element elementor-element-93dbb53 elementor-widget elementor-widget-image\" data-id=\"93dbb53\" data-element_type=\"widget\" data-widget_type=\"image.default\">\n\t\t\t\t<div class=\"elementor-widget-container\">\n\t\t\t\t\t\t\t\t\t\t\t\t\t\t\t<img loading=\"lazy\" decoding=\"async\" width=\"800\" height=\"450\" src=\"https:\/\/rldev.dts.dmcit.tech\/ibiza\/wp-content\/uploads\/sites\/5\/2025\/05\/team-ibz-2025_1_1060x560-800x450.jpg\" class=\"attachment-ocean-thumb-ml size-ocean-thumb-ml wp-image-10804\" alt=\"\" \/>\t\t\t\t\t\t\t\t\t\t\t\t\t\t\t<\/div>\n\t\t\t\t<\/div>\n\t\t\t\t<\/div>\n\t\t\t\t\t<\/div>\n\t\t\t\t<\/div>\n\t\t\t\t<\/div>\n\t\t\t\t<\/div>\n\t\t","protected":false},"excerpt":{"rendered":"<p>Willkommen auf Ibiza &amp; Formentera! Liebe Reiseg\u00e4ste, es freut uns sehr, dass Sie da sind, und wir w\u00fcnschen Ihnen einen angenehmen Urlaub.Wir bedanken uns f\u00fcr Ihr Vertrauen und m\u00f6chten, dass Ihr Urlaub zu einem unvergesslichen Erlebnis wird, an das Sie gerne zur\u00fcckdenken. Damit Sie gleich vom ersten Tag an Ihre Zeit genie\u00dfen k\u00f6nnen, stellen wir [&hellip;]<\/p>\n","protected":false},"author":2,"featured_media":0,"parent":0,"menu_order":0,"comment_status":"closed","ping_status":"closed","template":"elementor_header_footer","meta":{"_acf_changed":false,"ocean_post_layout":"","ocean_both_sidebars_style":"","ocean_both_sidebars_content_width":0,"ocean_both_sidebars_sidebars_width":0,"ocean_sidebar":"0","ocean_second_sidebar":"0","ocean_disable_margins":"enable","ocean_add_body_class":"","ocean_shortcode_before_top_bar":"","ocean_shortcode_after_top_bar":"","ocean_shortcode_before_header":"","ocean_shortcode_after_header":"","ocean_has_shortcode":"","ocean_shortcode_after_title":"","ocean_shortcode_before_footer_widgets":"","ocean_shortcode_after_footer_widgets":"","ocean_shortcode_before_footer_bottom":"","ocean_shortcode_after_footer_bottom":"","ocean_display_top_bar":"default","ocean_display_header":"default","ocean_header_style":"","ocean_center_header_left_menu":"0","ocean_custom_header_template":"0","ocean_custom_logo":0,"ocean_custom_retina_logo":0,"ocean_custom_logo_max_width":0,"ocean_custom_logo_tablet_max_width":0,"ocean_custom_logo_mobile_max_width":0,"ocean_custom_logo_max_height":0,"ocean_custom_logo_tablet_max_height":0,"ocean_custom_logo_mobile_max_height":0,"ocean_header_custom_menu":"0","ocean_menu_typo_font_family":"0","ocean_menu_typo_font_subset":"","ocean_menu_typo_font_size":0,"ocean_menu_typo_font_size_tablet":0,"ocean_menu_typo_font_size_mobile":0,"ocean_menu_typo_font_size_unit":"px","ocean_menu_typo_font_weight":"","ocean_menu_typo_font_weight_tablet":"","ocean_menu_typo_font_weight_mobile":"","ocean_menu_typo_transform":"","ocean_menu_typo_transform_tablet":"","ocean_menu_typo_transform_mobile":"","ocean_menu_typo_line_height":0,"ocean_menu_typo_line_height_tablet":0,"ocean_menu_typo_line_height_mobile":0,"ocean_menu_typo_line_height_unit":"","ocean_menu_typo_spacing":0,"ocean_menu_typo_spacing_tablet":0,"ocean_menu_typo_spacing_mobile":0,"ocean_menu_typo_spacing_unit":"","ocean_menu_link_color":"","ocean_menu_link_color_hover":"","ocean_menu_link_color_active":"","ocean_menu_link_background":"","ocean_menu_link_hover_background":"","ocean_menu_link_active_background":"","ocean_menu_social_links_bg":"","ocean_menu_social_hover_links_bg":"","ocean_menu_social_links_color":"","ocean_menu_social_hover_links_color":"","ocean_disable_title":"on","ocean_disable_heading":"on","ocean_post_title":"","ocean_post_subheading":"","ocean_post_title_style":"","ocean_post_title_background_color":"","ocean_post_title_background":0,"ocean_post_title_bg_image_position":"","ocean_post_title_bg_image_attachment":"","ocean_post_title_bg_image_repeat":"","ocean_post_title_bg_image_size":"","ocean_post_title_height":0,"ocean_post_title_bg_overlay":0.5,"ocean_post_title_bg_overlay_color":"","ocean_disable_breadcrumbs":"default","ocean_breadcrumbs_color":"","ocean_breadcrumbs_separator_color":"","ocean_breadcrumbs_links_color":"","ocean_breadcrumbs_links_hover_color":"","ocean_display_footer_widgets":"default","ocean_display_footer_bottom":"default","ocean_custom_footer_template":"0","omw_enable_modal_window":"enable","osh_disable_topbar_sticky":"default","osh_disable_header_sticky":"default","osh_sticky_header_style":"default","osh_sticky_header_effect":"","osh_custom_sticky_logo":0,"osh_custom_retina_sticky_logo":0,"osh_custom_sticky_logo_height":0,"osh_background_color":"","osh_links_color":"","osh_links_hover_color":"","osh_links_active_color":"","osh_links_bg_color":"","osh_links_hover_bg_color":"","osh_links_active_bg_color":"","osh_menu_social_links_color":"","osh_menu_social_hover_links_color":"","footnotes":""},"seitenkategorien":[],"class_list":["post-33","page","type-page","status-publish","hentry","entry","owp-thumbs-layout-horizontal","owp-btn-normal","owp-tabs-layout-section","has-no-thumbnails","has-product-nav"],"acf":[],"_links":{"self":[{"href":"https:\/\/rldev.dts.dmcit.tech\/ibiza\/wp-json\/wp\/v2\/pages\/33","targetHints":{"allow":["GET"]}}],"collection":[{"href":"https:\/\/rldev.dts.dmcit.tech\/ibiza\/wp-json\/wp\/v2\/pages"}],"about":[{"href":"https:\/\/rldev.dts.dmcit.tech\/ibiza\/wp-json\/wp\/v2\/types\/page"}],"author":[{"embeddable":true,"href":"https:\/\/rldev.dts.dmcit.tech\/ibiza\/wp-json\/wp\/v2\/users\/2"}],"replies":[{"embeddable":true,"href":"https:\/\/rldev.dts.dmcit.tech\/ibiza\/wp-json\/wp\/v2\/comments?post=33"}],"version-history":[{"count":40,"href":"https:\/\/rldev.dts.dmcit.tech\/ibiza\/wp-json\/wp\/v2\/pages\/33\/revisions"}],"predecessor-version":[{"id":11192,"href":"https:\/\/rldev.dts.dmcit.tech\/ibiza\/wp-json\/wp\/v2\/pages\/33\/revisions\/11192"}],"wp:attachment":[{"href":"https:\/\/rldev.dts.dmcit.tech\/ibiza\/wp-json\/wp\/v2\/media?parent=33"}],"wp:term":[{"taxonomy":"seitenkategorien","embeddable":true,"href":"https:\/\/rldev.dts.dmcit.tech\/ibiza\/wp-json\/wp\/v2\/seitenkategorien?post=33"}],"curies":[{"name":"wp","href":"https:\/\/api.w.org\/{rel}","templated":true}]}}